{"id":158,"date":"2022-09-15T14:31:23","date_gmt":"2022-09-15T12:31:23","guid":{"rendered":"https:\/\/www.lmofrance.com\/boutique\/produit\/tete-de-lecture-pour-regle-heidenhain-ls-903\/"},"modified":"2025-05-26T12:17:17","modified_gmt":"2025-05-26T10:17:17","slug":"tete-de-lecture-pour-regle-heidenhain-ls-903","status":"publish","type":"product","link":"https:\/\/www.lmofrance.com\/boutique\/produit\/tete-de-lecture-pour-regle-heidenhain-ls-903\/","title":{"rendered":"T\u00eate de lecture pour r\u00e8gle HEIDENHAIN LS 903"},"content":{"rendered":"<h2>T\u00eate de lecture pour r\u00e8gle HEIDENHAIN LS 903<\/h2>\n<p>Mat\u00e9riel jamais utilis\u00e9. Dans boite d&rsquo;origine.<br \/>\nID 206447-03<\/p>\n<p>&nbsp;<\/p>\n","protected":false},"excerpt":{"rendered":"<p>Pour toute livraison hors France m\u00e9tropolitaine, merci de <u><a href=\"\/boutique\/demande-de-devis\/\">nous contacter.<\/a><\/u><\/p>\n","protected":false},"featured_media":162,"template":"","meta":[],"product_brand":[],"product_cat":[20,33,28,21],"product_tag":[],"class_list":{"0":"post-158","1":"product","2":"type-product","3":"status-publish","4":"has-post-thumbnail","6":"product_cat-accessoires","7":"product_cat-heidenhain","8":"product_cat-marques","9":"product_cat-tete-de-lecture","11":"first","12":"instock","13":"featured","14":"sold-individually","15":"taxable","16":"shipping-taxable","17":"product-type-simple"},"yoast_head":"<!-- This site is optimized with the Yoast SEO plugin v27.3 - https:\/\/yoast.com\/product\/yoast-seo-wordpress\/ -->\n<title>Fournisseur t\u00eate de lecture pour machine HEIDENHAIN<\/title>\n<meta name=\"description\" content=\"LMO fournis des t\u00eates de lecture pour les machines HEIDENHAIN. Commandez-le !\" \/>\n<meta name=\"robots\" content=\"index, follow, max-snippet:-1, max-image-preview:large, max-video-preview:-1\" \/>\n<link rel=\"canonical\" href=\"https:\/\/www.lmofrance.com\/boutique\/produit\/tete-de-lecture-pour-regle-heidenhain-ls-903\/\" \/>\n<meta property=\"og:locale\" content=\"fr_FR\" \/>\n<meta property=\"og:type\" content=\"article\" \/>\n<meta property=\"og:title\" content=\"Fournisseur t\u00eate de lecture pour machine HEIDENHAIN\" \/>\n<meta property=\"og:description\" content=\"LMO fournis des t\u00eates de lecture pour les machines HEIDENHAIN. Commandez-le !\" \/>\n<meta property=\"og:url\" content=\"https:\/\/www.lmofrance.com\/boutique\/produit\/tete-de-lecture-pour-regle-heidenhain-ls-903\/\" \/>\n<meta property=\"og:site_name\" content=\"Boutique\" \/>\n<meta property=\"article:modified_time\" content=\"2025-05-26T10:17:17+00:00\" \/>\n<meta property=\"og:image\" content=\"https:\/\/www.lmofrance.com\/boutique\/wp-content\/uploads\/sites\/2\/2022\/09\/tete-lecture-pour-regle-heidenhain.jpg\" \/>\n\t<meta property=\"og:image:width\" content=\"519\" \/>\n\t<meta property=\"og:image:height\" content=\"692\" \/>\n\t<meta property=\"og:image:type\" content=\"image\/jpeg\" \/>\n<meta name=\"twitter:card\" content=\"summary_large_image\" \/>\n<meta name=\"twitter:label1\" content=\"Dur\u00e9e de lecture estim\u00e9e\" \/>\n\t<meta name=\"twitter:data1\" content=\"1 minute\" \/>\n<script type=\"application\/ld+json\" class=\"yoast-schema-graph\">{\"@context\":\"https:\\\/\\\/schema.org\",\"@graph\":[{\"@type\":\"WebPage\",\"@id\":\"https:\\\/\\\/www.lmofrance.com\\\/boutique\\\/produit\\\/tete-de-lecture-pour-regle-heidenhain-ls-903\\\/\",\"url\":\"https:\\\/\\\/www.lmofrance.com\\\/boutique\\\/produit\\\/tete-de-lecture-pour-regle-heidenhain-ls-903\\\/\",\"name\":\"Fournisseur t\u00eate de lecture pour machine HEIDENHAIN\",\"isPartOf\":{\"@id\":\"https:\\\/\\\/www.lmofrance.com\\\/boutique\\\/#website\"},\"primaryImageOfPage\":{\"@id\":\"https:\\\/\\\/www.lmofrance.com\\\/boutique\\\/produit\\\/tete-de-lecture-pour-regle-heidenhain-ls-903\\\/#primaryimage\"},\"image\":{\"@id\":\"https:\\\/\\\/www.lmofrance.com\\\/boutique\\\/produit\\\/tete-de-lecture-pour-regle-heidenhain-ls-903\\\/#primaryimage\"},\"thumbnailUrl\":\"https:\\\/\\\/www.lmofrance.com\\\/boutique\\\/wp-content\\\/uploads\\\/sites\\\/2\\\/2022\\\/09\\\/tete-lecture-pour-regle-heidenhain.jpg\",\"datePublished\":\"2022-09-15T12:31:23+00:00\",\"dateModified\":\"2025-05-26T10:17:17+00:00\",\"description\":\"LMO fournis des t\u00eates de lecture pour les machines HEIDENHAIN. Commandez-le !\",\"breadcrumb\":{\"@id\":\"https:\\\/\\\/www.lmofrance.com\\\/boutique\\\/produit\\\/tete-de-lecture-pour-regle-heidenhain-ls-903\\\/#breadcrumb\"},\"inLanguage\":\"fr-FR\",\"potentialAction\":[{\"@type\":\"ReadAction\",\"target\":[\"https:\\\/\\\/www.lmofrance.com\\\/boutique\\\/produit\\\/tete-de-lecture-pour-regle-heidenhain-ls-903\\\/\"]}]},{\"@type\":\"ImageObject\",\"inLanguage\":\"fr-FR\",\"@id\":\"https:\\\/\\\/www.lmofrance.com\\\/boutique\\\/produit\\\/tete-de-lecture-pour-regle-heidenhain-ls-903\\\/#primaryimage\",\"url\":\"https:\\\/\\\/www.lmofrance.com\\\/boutique\\\/wp-content\\\/uploads\\\/sites\\\/2\\\/2022\\\/09\\\/tete-lecture-pour-regle-heidenhain.jpg\",\"contentUrl\":\"https:\\\/\\\/www.lmofrance.com\\\/boutique\\\/wp-content\\\/uploads\\\/sites\\\/2\\\/2022\\\/09\\\/tete-lecture-pour-regle-heidenhain.jpg\",\"width\":519,\"height\":692,\"caption\":\"t\u00eate de lecture pour r\u00e8gle HEIDENHAIN\"},{\"@type\":\"BreadcrumbList\",\"@id\":\"https:\\\/\\\/www.lmofrance.com\\\/boutique\\\/produit\\\/tete-de-lecture-pour-regle-heidenhain-ls-903\\\/#breadcrumb\",\"itemListElement\":[{\"@type\":\"ListItem\",\"position\":1,\"name\":\"Accueil\",\"item\":\"https:\\\/\\\/www.lmofrance.com\\\/boutique\\\/\"},{\"@type\":\"ListItem\",\"position\":2,\"name\":\"Boutique\",\"item\":\"https:\\\/\\\/www.lmofrance.com\\\/boutique\\\/?page_id=26\"},{\"@type\":\"ListItem\",\"position\":3,\"name\":\"T\u00eate de lecture pour r\u00e8gle HEIDENHAIN LS 903\"}]},{\"@type\":\"WebSite\",\"@id\":\"https:\\\/\\\/www.lmofrance.com\\\/boutique\\\/#website\",\"url\":\"https:\\\/\\\/www.lmofrance.com\\\/boutique\\\/\",\"name\":\"Boutique\",\"description\":\"Machines-outils occasion et pi\u00e8ces\",\"potentialAction\":[{\"@type\":\"SearchAction\",\"target\":{\"@type\":\"EntryPoint\",\"urlTemplate\":\"https:\\\/\\\/www.lmofrance.com\\\/boutique\\\/?s={search_term_string}\"},\"query-input\":{\"@type\":\"PropertyValueSpecification\",\"valueRequired\":true,\"valueName\":\"search_term_string\"}}],\"inLanguage\":\"fr-FR\"}]}<\/script>\n<!-- \/ Yoast SEO plugin. -->","yoast_head_json":{"title":"Fournisseur t\u00eate de lecture pour machine HEIDENHAIN","description":"LMO fournis des t\u00eates de lecture pour les machines HEIDENHAIN. Commandez-le !","robots":{"index":"index","follow":"follow","max-snippet":"max-snippet:-1","max-image-preview":"max-image-preview:large","max-video-preview":"max-video-preview:-1"},"canonical":"https:\/\/www.lmofrance.com\/boutique\/produit\/tete-de-lecture-pour-regle-heidenhain-ls-903\/","og_locale":"fr_FR","og_type":"article","og_title":"Fournisseur t\u00eate de lecture pour machine HEIDENHAIN","og_description":"LMO fournis des t\u00eates de lecture pour les machines HEIDENHAIN. Commandez-le !","og_url":"https:\/\/www.lmofrance.com\/boutique\/produit\/tete-de-lecture-pour-regle-heidenhain-ls-903\/","og_site_name":"Boutique","article_modified_time":"2025-05-26T10:17:17+00:00","og_image":[{"width":519,"height":692,"url":"https:\/\/www.lmofrance.com\/boutique\/wp-content\/uploads\/sites\/2\/2022\/09\/tete-lecture-pour-regle-heidenhain.jpg","type":"image\/jpeg"}],"twitter_card":"summary_large_image","twitter_misc":{"Dur\u00e9e de lecture estim\u00e9e":"1 minute"},"schema":{"@context":"https:\/\/schema.org","@graph":[{"@type":"WebPage","@id":"https:\/\/www.lmofrance.com\/boutique\/produit\/tete-de-lecture-pour-regle-heidenhain-ls-903\/","url":"https:\/\/www.lmofrance.com\/boutique\/produit\/tete-de-lecture-pour-regle-heidenhain-ls-903\/","name":"Fournisseur t\u00eate de lecture pour machine HEIDENHAIN","isPartOf":{"@id":"https:\/\/www.lmofrance.com\/boutique\/#website"},"primaryImageOfPage":{"@id":"https:\/\/www.lmofrance.com\/boutique\/produit\/tete-de-lecture-pour-regle-heidenhain-ls-903\/#primaryimage"},"image":{"@id":"https:\/\/www.lmofrance.com\/boutique\/produit\/tete-de-lecture-pour-regle-heidenhain-ls-903\/#primaryimage"},"thumbnailUrl":"https:\/\/www.lmofrance.com\/boutique\/wp-content\/uploads\/sites\/2\/2022\/09\/tete-lecture-pour-regle-heidenhain.jpg","datePublished":"2022-09-15T12:31:23+00:00","dateModified":"2025-05-26T10:17:17+00:00","description":"LMO fournis des t\u00eates de lecture pour les machines HEIDENHAIN. Commandez-le !","breadcrumb":{"@id":"https:\/\/www.lmofrance.com\/boutique\/produit\/tete-de-lecture-pour-regle-heidenhain-ls-903\/#breadcrumb"},"inLanguage":"fr-FR","potentialAction":[{"@type":"ReadAction","target":["https:\/\/www.lmofrance.com\/boutique\/produit\/tete-de-lecture-pour-regle-heidenhain-ls-903\/"]}]},{"@type":"ImageObject","inLanguage":"fr-FR","@id":"https:\/\/www.lmofrance.com\/boutique\/produit\/tete-de-lecture-pour-regle-heidenhain-ls-903\/#primaryimage","url":"https:\/\/www.lmofrance.com\/boutique\/wp-content\/uploads\/sites\/2\/2022\/09\/tete-lecture-pour-regle-heidenhain.jpg","contentUrl":"https:\/\/www.lmofrance.com\/boutique\/wp-content\/uploads\/sites\/2\/2022\/09\/tete-lecture-pour-regle-heidenhain.jpg","width":519,"height":692,"caption":"t\u00eate de lecture pour r\u00e8gle HEIDENHAIN"},{"@type":"BreadcrumbList","@id":"https:\/\/www.lmofrance.com\/boutique\/produit\/tete-de-lecture-pour-regle-heidenhain-ls-903\/#breadcrumb","itemListElement":[{"@type":"ListItem","position":1,"name":"Accueil","item":"https:\/\/www.lmofrance.com\/boutique\/"},{"@type":"ListItem","position":2,"name":"Boutique","item":"https:\/\/www.lmofrance.com\/boutique\/?page_id=26"},{"@type":"ListItem","position":3,"name":"T\u00eate de lecture pour r\u00e8gle HEIDENHAIN LS 903"}]},{"@type":"WebSite","@id":"https:\/\/www.lmofrance.com\/boutique\/#website","url":"https:\/\/www.lmofrance.com\/boutique\/","name":"Boutique","description":"Machines-outils occasion et pi\u00e8ces","potentialAction":[{"@type":"SearchAction","target":{"@type":"EntryPoint","urlTemplate":"https:\/\/www.lmofrance.com\/boutique\/?s={search_term_string}"},"query-input":{"@type":"PropertyValueSpecification","valueRequired":true,"valueName":"search_term_string"}}],"inLanguage":"fr-FR"}]}},"_links":{"self":[{"href":"https:\/\/www.lmofrance.com\/boutique\/wp-json\/wp\/v2\/product\/158","targetHints":{"allow":["GET"]}}],"collection":[{"href":"https:\/\/www.lmofrance.com\/boutique\/wp-json\/wp\/v2\/product"}],"about":[{"href":"https:\/\/www.lmofrance.com\/boutique\/wp-json\/wp\/v2\/types\/product"}],"wp:featuredmedia":[{"embeddable":true,"href":"https:\/\/www.lmofrance.com\/boutique\/wp-json\/wp\/v2\/media\/162"}],"wp:attachment":[{"href":"https:\/\/www.lmofrance.com\/boutique\/wp-json\/wp\/v2\/media?parent=158"}],"wp:term":[{"taxonomy":"product_brand","embeddable":true,"href":"https:\/\/www.lmofrance.com\/boutique\/wp-json\/wp\/v2\/product_brand?post=158"},{"taxonomy":"product_cat","embeddable":true,"href":"https:\/\/www.lmofrance.com\/boutique\/wp-json\/wp\/v2\/product_cat?post=158"},{"taxonomy":"product_tag","embeddable":true,"href":"https:\/\/www.lmofrance.com\/boutique\/wp-json\/wp\/v2\/product_tag?post=158"}],"curies":[{"name":"wp","href":"https:\/\/api.w.org\/{rel}","templated":true}]}}