{"id":491,"date":"2025-04-29T16:49:55","date_gmt":"2025-04-29T14:49:55","guid":{"rendered":"https:\/\/www.lmofrance.com\/boutique\/?post_type=product&#038;p=491"},"modified":"2026-02-04T14:55:18","modified_gmt":"2026-02-04T13:55:18","slug":"tour-parallele-modele-sc-800-fat","status":"publish","type":"product","link":"https:\/\/www.lmofrance.com\/boutique\/produit\/tour-parallele-modele-sc-800-fat\/","title":{"rendered":"Tour parall\u00e8le, mod\u00e8le SC 800, FAT"},"content":{"rendered":"<div class=\"wpb-content-wrapper\"><p>[vc_row][vc_column][vc_column_text el_class=\u00a0\u00bbtitre-h2 habillage-titre-trait\u00a0\u00bb]Description de la machine[\/vc_column_text][\/vc_column][\/vc_row][vc_row][vc_column width=\u00a0\u00bb1\/2&Prime;][vc_column_text]<span class=\"fort\">Commande num\u00e9rique :<\/span><\/p>\n<ul>\n<li>Siemens Manual Turn<\/li>\n<\/ul>\n<p><span class=\"fort\">Courses :<\/span><\/p>\n<ul>\n<li>Course axe X : 505 mm<\/li>\n<li>Course axe Z : 5000 mm<\/li>\n<\/ul>\n<p><span class=\"fort\">Equipements de la machine :<\/span><\/p>\n<ul>\n<li>Distance entre pointe : 5000 mm<\/li>\n<li>Diam\u00e8tre admis au-dessus du banc : 800 mm<\/li>\n<li>Diam\u00e8tre admis au-dessus du chariot : 500 mm<\/li>\n<li>Manuel d\u2019instruction<\/li>\n<li>Certification CE<\/li>\n<\/ul>\n<p>[\/vc_column_text][\/vc_column][vc_column width=\u00a0\u00bb1\/2&Prime;][vc_column_text]<span class=\"fort\">Broche :<\/span><\/p>\n<ul>\n<li>2 gammes de vitesse m\u00e9canique (vitesse max 1770 tr\/min) 22 KW<\/li>\n<li>Al\u00e9sage 140 mm<\/li>\n<li>Nez de broche D1-11<\/li>\n<\/ul>\n<p><span class=\"fort\">Rapides :<\/span><\/p>\n<ul>\n<li>Vitesse rapide X\/Z : 6\/6 m\/min<\/li>\n<\/ul>\n<p>[\/vc_column_text][\/vc_column][\/vc_row][vc_row][vc_column][vc_column_text el_class=\u00a0\u00bbtitre-h2 habillage-titre-trait titre-centre\u00a0\u00bb]<\/p>\n<p style=\"text-align: center;\">Vous souhaitez commander cette machine ?<\/p>\n<p>[\/vc_column_text][vc_btn title=\u00a0\u00bbDemandez un devis\u00a0\u00bb style=\u00a0\u00bbcustom\u00a0\u00bb custom_background=\u00a0\u00bb#163254&Prime; custom_text=\u00a0\u00bb#ffffff\u00a0\u00bb shape=\u00a0\u00bbsquare\u00a0\u00bb size=\u00a0\u00bblg\u00a0\u00bb align=\u00a0\u00bbcenter\u00a0\u00bb link=\u00a0\u00bburl:%2Fdemande-de-devis\u00a0\u00bb][\/vc_column][\/vc_row]<\/p>\n<\/div>","protected":false},"excerpt":{"rendered":"<ul>\n<li><span class=\"fort\">Type ou mod\u00e8le :<\/span> FAT \u2013 SC800 X 5000<\/li>\n<li><span class=\"fort\">N\u00b0 de s\u00e9rie :<\/span> 120503<\/li>\n<li><span class=\"fort\">D\u00e9lai :<\/span> Disponible LMO (59)<\/li>\n<li><span class=\"fort\">Machine :<\/span> Occasion (Ann\u00e9e 2012)<\/li>\n<\/ul>\n","protected":false},"featured_media":808,"template":"","meta":[],"product_brand":[],"product_cat":[43,28,19,49],"product_tag":[],"class_list":{"0":"post-491","1":"product","2":"type-product","3":"status-publish","4":"has-post-thumbnail","6":"product_cat-fat-haco","7":"product_cat-marques","8":"product_cat-occasion-machine","9":"product_cat-tour-parallele","11":"first","12":"instock","13":"taxable","14":"shipping-taxable","15":"product-type-simple"},"yoast_head":"<!-- This site is optimized with the Yoast SEO plugin v27.3 - https:\/\/yoast.com\/product\/yoast-seo-wordpress\/ -->\n<title>Tour parall\u00e8le, mod\u00e8le SC 800, FAT - Boutique<\/title>\n<meta name=\"robots\" content=\"index, follow, max-snippet:-1, max-image-preview:large, max-video-preview:-1\" \/>\n<link rel=\"canonical\" href=\"https:\/\/www.lmofrance.com\/boutique\/produit\/tour-parallele-modele-sc-800-fat\/\" \/>\n<meta property=\"og:locale\" content=\"fr_FR\" \/>\n<meta property=\"og:type\" content=\"article\" \/>\n<meta property=\"og:title\" content=\"Tour parall\u00e8le, mod\u00e8le SC 800, FAT - Boutique\" \/>\n<meta property=\"og:description\" content=\"Type ou mod\u00e8le : FAT \u2013 SC800 X 5000  N\u00b0 de s\u00e9rie : 120503  D\u00e9lai : Disponible LMO (59)  Machine : Occasion (Ann\u00e9e 2012)\" \/>\n<meta property=\"og:url\" content=\"https:\/\/www.lmofrance.com\/boutique\/produit\/tour-parallele-modele-sc-800-fat\/\" \/>\n<meta property=\"og:site_name\" content=\"Boutique\" \/>\n<meta property=\"article:modified_time\" content=\"2026-02-04T13:55:18+00:00\" \/>\n<meta property=\"og:image\" content=\"https:\/\/www.lmofrance.com\/boutique\/wp-content\/uploads\/sites\/2\/2025\/04\/FAT-SC-800.Vendue.jpg\" \/>\n\t<meta property=\"og:image:width\" content=\"531\" \/>\n\t<meta property=\"og:image:height\" content=\"528\" \/>\n\t<meta property=\"og:image:type\" content=\"image\/jpeg\" \/>\n<meta name=\"twitter:card\" content=\"summary_large_image\" \/>\n<meta name=\"twitter:label1\" content=\"Dur\u00e9e de lecture estim\u00e9e\" \/>\n\t<meta name=\"twitter:data1\" content=\"1 minute\" \/>\n<script type=\"application\/ld+json\" class=\"yoast-schema-graph\">{\"@context\":\"https:\\\/\\\/schema.org\",\"@graph\":[{\"@type\":\"WebPage\",\"@id\":\"https:\\\/\\\/www.lmofrance.com\\\/boutique\\\/produit\\\/tour-parallele-modele-sc-800-fat\\\/\",\"url\":\"https:\\\/\\\/www.lmofrance.com\\\/boutique\\\/produit\\\/tour-parallele-modele-sc-800-fat\\\/\",\"name\":\"Tour parall\u00e8le, mod\u00e8le SC 800, FAT - Boutique\",\"isPartOf\":{\"@id\":\"https:\\\/\\\/www.lmofrance.com\\\/boutique\\\/#website\"},\"primaryImageOfPage\":{\"@id\":\"https:\\\/\\\/www.lmofrance.com\\\/boutique\\\/produit\\\/tour-parallele-modele-sc-800-fat\\\/#primaryimage\"},\"image\":{\"@id\":\"https:\\\/\\\/www.lmofrance.com\\\/boutique\\\/produit\\\/tour-parallele-modele-sc-800-fat\\\/#primaryimage\"},\"thumbnailUrl\":\"https:\\\/\\\/www.lmofrance.com\\\/boutique\\\/wp-content\\\/uploads\\\/sites\\\/2\\\/2025\\\/04\\\/FAT-SC-800.Vendue.jpg\",\"datePublished\":\"2025-04-29T14:49:55+00:00\",\"dateModified\":\"2026-02-04T13:55:18+00:00\",\"breadcrumb\":{\"@id\":\"https:\\\/\\\/www.lmofrance.com\\\/boutique\\\/produit\\\/tour-parallele-modele-sc-800-fat\\\/#breadcrumb\"},\"inLanguage\":\"fr-FR\",\"potentialAction\":[{\"@type\":\"ReadAction\",\"target\":[\"https:\\\/\\\/www.lmofrance.com\\\/boutique\\\/produit\\\/tour-parallele-modele-sc-800-fat\\\/\"]}]},{\"@type\":\"ImageObject\",\"inLanguage\":\"fr-FR\",\"@id\":\"https:\\\/\\\/www.lmofrance.com\\\/boutique\\\/produit\\\/tour-parallele-modele-sc-800-fat\\\/#primaryimage\",\"url\":\"https:\\\/\\\/www.lmofrance.com\\\/boutique\\\/wp-content\\\/uploads\\\/sites\\\/2\\\/2025\\\/04\\\/FAT-SC-800.Vendue.jpg\",\"contentUrl\":\"https:\\\/\\\/www.lmofrance.com\\\/boutique\\\/wp-content\\\/uploads\\\/sites\\\/2\\\/2025\\\/04\\\/FAT-SC-800.Vendue.jpg\",\"width\":531,\"height\":528},{\"@type\":\"BreadcrumbList\",\"@id\":\"https:\\\/\\\/www.lmofrance.com\\\/boutique\\\/produit\\\/tour-parallele-modele-sc-800-fat\\\/#breadcrumb\",\"itemListElement\":[{\"@type\":\"ListItem\",\"position\":1,\"name\":\"Accueil\",\"item\":\"https:\\\/\\\/www.lmofrance.com\\\/boutique\\\/\"},{\"@type\":\"ListItem\",\"position\":2,\"name\":\"Boutique\",\"item\":\"https:\\\/\\\/www.lmofrance.com\\\/boutique\\\/?page_id=26\"},{\"@type\":\"ListItem\",\"position\":3,\"name\":\"Tour parall\u00e8le, mod\u00e8le SC 800, FAT\"}]},{\"@type\":\"WebSite\",\"@id\":\"https:\\\/\\\/www.lmofrance.com\\\/boutique\\\/#website\",\"url\":\"https:\\\/\\\/www.lmofrance.com\\\/boutique\\\/\",\"name\":\"Boutique\",\"description\":\"Machines-outils occasion et pi\u00e8ces\",\"potentialAction\":[{\"@type\":\"SearchAction\",\"target\":{\"@type\":\"EntryPoint\",\"urlTemplate\":\"https:\\\/\\\/www.lmofrance.com\\\/boutique\\\/?s={search_term_string}\"},\"query-input\":{\"@type\":\"PropertyValueSpecification\",\"valueRequired\":true,\"valueName\":\"search_term_string\"}}],\"inLanguage\":\"fr-FR\"}]}<\/script>\n<!-- \/ Yoast SEO plugin. -->","yoast_head_json":{"title":"Tour parall\u00e8le, mod\u00e8le SC 800, FAT - Boutique","robots":{"index":"index","follow":"follow","max-snippet":"max-snippet:-1","max-image-preview":"max-image-preview:large","max-video-preview":"max-video-preview:-1"},"canonical":"https:\/\/www.lmofrance.com\/boutique\/produit\/tour-parallele-modele-sc-800-fat\/","og_locale":"fr_FR","og_type":"article","og_title":"Tour parall\u00e8le, mod\u00e8le SC 800, FAT - Boutique","og_description":"Type ou mod\u00e8le : FAT \u2013 SC800 X 5000  N\u00b0 de s\u00e9rie : 120503  D\u00e9lai : Disponible LMO (59)  Machine : Occasion (Ann\u00e9e 2012)","og_url":"https:\/\/www.lmofrance.com\/boutique\/produit\/tour-parallele-modele-sc-800-fat\/","og_site_name":"Boutique","article_modified_time":"2026-02-04T13:55:18+00:00","og_image":[{"width":531,"height":528,"url":"https:\/\/www.lmofrance.com\/boutique\/wp-content\/uploads\/sites\/2\/2025\/04\/FAT-SC-800.Vendue.jpg","type":"image\/jpeg"}],"twitter_card":"summary_large_image","twitter_misc":{"Dur\u00e9e de lecture estim\u00e9e":"1 minute"},"schema":{"@context":"https:\/\/schema.org","@graph":[{"@type":"WebPage","@id":"https:\/\/www.lmofrance.com\/boutique\/produit\/tour-parallele-modele-sc-800-fat\/","url":"https:\/\/www.lmofrance.com\/boutique\/produit\/tour-parallele-modele-sc-800-fat\/","name":"Tour parall\u00e8le, mod\u00e8le SC 800, FAT - Boutique","isPartOf":{"@id":"https:\/\/www.lmofrance.com\/boutique\/#website"},"primaryImageOfPage":{"@id":"https:\/\/www.lmofrance.com\/boutique\/produit\/tour-parallele-modele-sc-800-fat\/#primaryimage"},"image":{"@id":"https:\/\/www.lmofrance.com\/boutique\/produit\/tour-parallele-modele-sc-800-fat\/#primaryimage"},"thumbnailUrl":"https:\/\/www.lmofrance.com\/boutique\/wp-content\/uploads\/sites\/2\/2025\/04\/FAT-SC-800.Vendue.jpg","datePublished":"2025-04-29T14:49:55+00:00","dateModified":"2026-02-04T13:55:18+00:00","breadcrumb":{"@id":"https:\/\/www.lmofrance.com\/boutique\/produit\/tour-parallele-modele-sc-800-fat\/#breadcrumb"},"inLanguage":"fr-FR","potentialAction":[{"@type":"ReadAction","target":["https:\/\/www.lmofrance.com\/boutique\/produit\/tour-parallele-modele-sc-800-fat\/"]}]},{"@type":"ImageObject","inLanguage":"fr-FR","@id":"https:\/\/www.lmofrance.com\/boutique\/produit\/tour-parallele-modele-sc-800-fat\/#primaryimage","url":"https:\/\/www.lmofrance.com\/boutique\/wp-content\/uploads\/sites\/2\/2025\/04\/FAT-SC-800.Vendue.jpg","contentUrl":"https:\/\/www.lmofrance.com\/boutique\/wp-content\/uploads\/sites\/2\/2025\/04\/FAT-SC-800.Vendue.jpg","width":531,"height":528},{"@type":"BreadcrumbList","@id":"https:\/\/www.lmofrance.com\/boutique\/produit\/tour-parallele-modele-sc-800-fat\/#breadcrumb","itemListElement":[{"@type":"ListItem","position":1,"name":"Accueil","item":"https:\/\/www.lmofrance.com\/boutique\/"},{"@type":"ListItem","position":2,"name":"Boutique","item":"https:\/\/www.lmofrance.com\/boutique\/?page_id=26"},{"@type":"ListItem","position":3,"name":"Tour parall\u00e8le, mod\u00e8le SC 800, FAT"}]},{"@type":"WebSite","@id":"https:\/\/www.lmofrance.com\/boutique\/#website","url":"https:\/\/www.lmofrance.com\/boutique\/","name":"Boutique","description":"Machines-outils occasion et pi\u00e8ces","potentialAction":[{"@type":"SearchAction","target":{"@type":"EntryPoint","urlTemplate":"https:\/\/www.lmofrance.com\/boutique\/?s={search_term_string}"},"query-input":{"@type":"PropertyValueSpecification","valueRequired":true,"valueName":"search_term_string"}}],"inLanguage":"fr-FR"}]}},"_links":{"self":[{"href":"https:\/\/www.lmofrance.com\/boutique\/wp-json\/wp\/v2\/product\/491","targetHints":{"allow":["GET"]}}],"collection":[{"href":"https:\/\/www.lmofrance.com\/boutique\/wp-json\/wp\/v2\/product"}],"about":[{"href":"https:\/\/www.lmofrance.com\/boutique\/wp-json\/wp\/v2\/types\/product"}],"wp:featuredmedia":[{"embeddable":true,"href":"https:\/\/www.lmofrance.com\/boutique\/wp-json\/wp\/v2\/media\/808"}],"wp:attachment":[{"href":"https:\/\/www.lmofrance.com\/boutique\/wp-json\/wp\/v2\/media?parent=491"}],"wp:term":[{"taxonomy":"product_brand","embeddable":true,"href":"https:\/\/www.lmofrance.com\/boutique\/wp-json\/wp\/v2\/product_brand?post=491"},{"taxonomy":"product_cat","embeddable":true,"href":"https:\/\/www.lmofrance.com\/boutique\/wp-json\/wp\/v2\/product_cat?post=491"},{"taxonomy":"product_tag","embeddable":true,"href":"https:\/\/www.lmofrance.com\/boutique\/wp-json\/wp\/v2\/product_tag?post=491"}],"curies":[{"name":"wp","href":"https:\/\/api.w.org\/{rel}","templated":true}]}}