{"id":654,"date":"2025-06-24T15:16:52","date_gmt":"2025-06-24T13:16:52","guid":{"rendered":"https:\/\/www.lmofrance.com\/boutique\/?post_type=product&#038;p=654"},"modified":"2025-07-17T16:55:46","modified_gmt":"2025-07-17T14:55:46","slug":"nd-780-heidenhain","status":"publish","type":"product","link":"https:\/\/www.lmofrance.com\/boutique\/produit\/nd-780-heidenhain\/","title":{"rendered":"Compteur ND 780 HEIDENHAIN"},"content":{"rendered":"<div class=\"wpb-content-wrapper\"><p>[vc_row][vc_column][vc_column_text]<\/p>\n<h2>ND 780 HEIDENHAIN<\/h2>\n<p>&nbsp;<\/p>\n<p>Visualisation de cotes pour machines-outils conventionnelles: Fraisage, tournage et applications g\u00e9n\u00e9rales.<br \/>\n&#8211; 3 axes<br \/>\n&#8211; Syst\u00e8mes de mesure de position<br \/>\n&#8211; Fonction de palpage<\/p>\n<p>Mode d&rsquo;affichage: Ecran couleur LCD<br \/>\nInterface de donn\u00e9es: V24<\/p>\n<p>Reconditionn\u00e9.<\/p>\n<p>Fourni avec manuel d&rsquo;utilisation<br \/>\nID : 520010-01<\/p>\n<p>#HEIDENHAIN #ND780 #VISUALISATIONDECOTES #FRAISAGE #TOURNAGE[\/vc_column_text][\/vc_column][\/vc_row]<\/p>\n<\/div>","protected":false},"excerpt":{"rendered":"<p>Pour toute livraison hors France m\u00e9tropolitaine, merci de <u><a href=\"\/boutique\/demande-de-devis\/\">nous contacter.<\/a><\/u><\/p>\n","protected":false},"featured_media":655,"template":"","meta":[],"product_brand":[],"product_cat":[20,54,33,28],"product_tag":[],"class_list":{"0":"post-654","1":"product","2":"type-product","3":"status-publish","4":"has-post-thumbnail","6":"product_cat-accessoires","7":"product_cat-compteur","8":"product_cat-heidenhain","9":"product_cat-marques","11":"first","12":"instock","13":"sold-individually","14":"taxable","15":"shipping-taxable","16":"product-type-simple"},"yoast_head":"<!-- This site is optimized with the Yoast SEO plugin v27.4 - https:\/\/yoast.com\/product\/yoast-seo-wordpress\/ -->\n<title>Syst\u00e8me de mesure, t\u00eate de lecture pour r\u00e8gle HEIDENHAIN<\/title>\n<meta name=\"description\" content=\"LMO vend des syst\u00e8mes de mesure comme une t\u00eate de lecture pour les r\u00e8gles HEIDENHAIN. Contactez-nous !\" \/>\n<meta name=\"robots\" content=\"index, follow, max-snippet:-1, max-image-preview:large, max-video-preview:-1\" \/>\n<link rel=\"canonical\" href=\"https:\/\/www.lmofrance.com\/boutique\/produit\/nd-780-heidenhain\/\" \/>\n<meta property=\"og:locale\" content=\"fr_FR\" \/>\n<meta property=\"og:type\" content=\"article\" \/>\n<meta property=\"og:title\" content=\"Syst\u00e8me de mesure, t\u00eate de lecture pour r\u00e8gle HEIDENHAIN\" \/>\n<meta property=\"og:description\" content=\"LMO vend des syst\u00e8mes de mesure comme une t\u00eate de lecture pour les r\u00e8gles HEIDENHAIN. Contactez-nous !\" \/>\n<meta property=\"og:url\" content=\"https:\/\/www.lmofrance.com\/boutique\/produit\/nd-780-heidenhain\/\" \/>\n<meta property=\"og:site_name\" content=\"Boutique\" \/>\n<meta property=\"article:modified_time\" content=\"2025-07-17T14:55:46+00:00\" \/>\n<meta property=\"og:image\" content=\"https:\/\/www.lmofrance.com\/boutique\/wp-content\/uploads\/sites\/2\/2025\/06\/ND780.png\" \/>\n\t<meta property=\"og:image:width\" content=\"447\" \/>\n\t<meta property=\"og:image:height\" content=\"261\" \/>\n\t<meta property=\"og:image:type\" content=\"image\/png\" \/>\n<meta name=\"twitter:card\" content=\"summary_large_image\" \/>\n<meta name=\"twitter:label1\" content=\"Dur\u00e9e de lecture estim\u00e9e\" \/>\n\t<meta name=\"twitter:data1\" content=\"1 minute\" \/>\n<script type=\"application\/ld+json\" class=\"yoast-schema-graph\">{\"@context\":\"https:\\\/\\\/schema.org\",\"@graph\":[{\"@type\":\"WebPage\",\"@id\":\"https:\\\/\\\/www.lmofrance.com\\\/boutique\\\/produit\\\/nd-780-heidenhain\\\/\",\"url\":\"https:\\\/\\\/www.lmofrance.com\\\/boutique\\\/produit\\\/nd-780-heidenhain\\\/\",\"name\":\"Syst\u00e8me de mesure, t\u00eate de lecture pour r\u00e8gle HEIDENHAIN\",\"isPartOf\":{\"@id\":\"https:\\\/\\\/www.lmofrance.com\\\/boutique\\\/#website\"},\"primaryImageOfPage\":{\"@id\":\"https:\\\/\\\/www.lmofrance.com\\\/boutique\\\/produit\\\/nd-780-heidenhain\\\/#primaryimage\"},\"image\":{\"@id\":\"https:\\\/\\\/www.lmofrance.com\\\/boutique\\\/produit\\\/nd-780-heidenhain\\\/#primaryimage\"},\"thumbnailUrl\":\"https:\\\/\\\/www.lmofrance.com\\\/boutique\\\/wp-content\\\/uploads\\\/sites\\\/2\\\/2025\\\/06\\\/ND780.png\",\"datePublished\":\"2025-06-24T13:16:52+00:00\",\"dateModified\":\"2025-07-17T14:55:46+00:00\",\"description\":\"LMO vend des syst\u00e8mes de mesure comme une t\u00eate de lecture pour les r\u00e8gles HEIDENHAIN. Contactez-nous !\",\"breadcrumb\":{\"@id\":\"https:\\\/\\\/www.lmofrance.com\\\/boutique\\\/produit\\\/nd-780-heidenhain\\\/#breadcrumb\"},\"inLanguage\":\"fr-FR\",\"potentialAction\":[{\"@type\":\"ReadAction\",\"target\":[\"https:\\\/\\\/www.lmofrance.com\\\/boutique\\\/produit\\\/nd-780-heidenhain\\\/\"]}]},{\"@type\":\"ImageObject\",\"inLanguage\":\"fr-FR\",\"@id\":\"https:\\\/\\\/www.lmofrance.com\\\/boutique\\\/produit\\\/nd-780-heidenhain\\\/#primaryimage\",\"url\":\"https:\\\/\\\/www.lmofrance.com\\\/boutique\\\/wp-content\\\/uploads\\\/sites\\\/2\\\/2025\\\/06\\\/ND780.png\",\"contentUrl\":\"https:\\\/\\\/www.lmofrance.com\\\/boutique\\\/wp-content\\\/uploads\\\/sites\\\/2\\\/2025\\\/06\\\/ND780.png\",\"width\":447,\"height\":261},{\"@type\":\"BreadcrumbList\",\"@id\":\"https:\\\/\\\/www.lmofrance.com\\\/boutique\\\/produit\\\/nd-780-heidenhain\\\/#breadcrumb\",\"itemListElement\":[{\"@type\":\"ListItem\",\"position\":1,\"name\":\"Accueil\",\"item\":\"https:\\\/\\\/www.lmofrance.com\\\/boutique\\\/\"},{\"@type\":\"ListItem\",\"position\":2,\"name\":\"Boutique\",\"item\":\"https:\\\/\\\/www.lmofrance.com\\\/boutique\\\/?page_id=26\"},{\"@type\":\"ListItem\",\"position\":3,\"name\":\"Compteur ND 780 HEIDENHAIN\"}]},{\"@type\":\"WebSite\",\"@id\":\"https:\\\/\\\/www.lmofrance.com\\\/boutique\\\/#website\",\"url\":\"https:\\\/\\\/www.lmofrance.com\\\/boutique\\\/\",\"name\":\"Boutique\",\"description\":\"Machines-outils occasion et pi\u00e8ces\",\"potentialAction\":[{\"@type\":\"SearchAction\",\"target\":{\"@type\":\"EntryPoint\",\"urlTemplate\":\"https:\\\/\\\/www.lmofrance.com\\\/boutique\\\/?s={search_term_string}\"},\"query-input\":{\"@type\":\"PropertyValueSpecification\",\"valueRequired\":true,\"valueName\":\"search_term_string\"}}],\"inLanguage\":\"fr-FR\"}]}<\/script>\n<!-- \/ Yoast SEO plugin. -->","yoast_head_json":{"title":"Syst\u00e8me de mesure, t\u00eate de lecture pour r\u00e8gle HEIDENHAIN","description":"LMO vend des syst\u00e8mes de mesure comme une t\u00eate de lecture pour les r\u00e8gles HEIDENHAIN. Contactez-nous !","robots":{"index":"index","follow":"follow","max-snippet":"max-snippet:-1","max-image-preview":"max-image-preview:large","max-video-preview":"max-video-preview:-1"},"canonical":"https:\/\/www.lmofrance.com\/boutique\/produit\/nd-780-heidenhain\/","og_locale":"fr_FR","og_type":"article","og_title":"Syst\u00e8me de mesure, t\u00eate de lecture pour r\u00e8gle HEIDENHAIN","og_description":"LMO vend des syst\u00e8mes de mesure comme une t\u00eate de lecture pour les r\u00e8gles HEIDENHAIN. Contactez-nous !","og_url":"https:\/\/www.lmofrance.com\/boutique\/produit\/nd-780-heidenhain\/","og_site_name":"Boutique","article_modified_time":"2025-07-17T14:55:46+00:00","og_image":[{"width":447,"height":261,"url":"https:\/\/www.lmofrance.com\/boutique\/wp-content\/uploads\/sites\/2\/2025\/06\/ND780.png","type":"image\/png"}],"twitter_card":"summary_large_image","twitter_misc":{"Dur\u00e9e de lecture estim\u00e9e":"1 minute"},"schema":{"@context":"https:\/\/schema.org","@graph":[{"@type":"WebPage","@id":"https:\/\/www.lmofrance.com\/boutique\/produit\/nd-780-heidenhain\/","url":"https:\/\/www.lmofrance.com\/boutique\/produit\/nd-780-heidenhain\/","name":"Syst\u00e8me de mesure, t\u00eate de lecture pour r\u00e8gle HEIDENHAIN","isPartOf":{"@id":"https:\/\/www.lmofrance.com\/boutique\/#website"},"primaryImageOfPage":{"@id":"https:\/\/www.lmofrance.com\/boutique\/produit\/nd-780-heidenhain\/#primaryimage"},"image":{"@id":"https:\/\/www.lmofrance.com\/boutique\/produit\/nd-780-heidenhain\/#primaryimage"},"thumbnailUrl":"https:\/\/www.lmofrance.com\/boutique\/wp-content\/uploads\/sites\/2\/2025\/06\/ND780.png","datePublished":"2025-06-24T13:16:52+00:00","dateModified":"2025-07-17T14:55:46+00:00","description":"LMO vend des syst\u00e8mes de mesure comme une t\u00eate de lecture pour les r\u00e8gles HEIDENHAIN. Contactez-nous !","breadcrumb":{"@id":"https:\/\/www.lmofrance.com\/boutique\/produit\/nd-780-heidenhain\/#breadcrumb"},"inLanguage":"fr-FR","potentialAction":[{"@type":"ReadAction","target":["https:\/\/www.lmofrance.com\/boutique\/produit\/nd-780-heidenhain\/"]}]},{"@type":"ImageObject","inLanguage":"fr-FR","@id":"https:\/\/www.lmofrance.com\/boutique\/produit\/nd-780-heidenhain\/#primaryimage","url":"https:\/\/www.lmofrance.com\/boutique\/wp-content\/uploads\/sites\/2\/2025\/06\/ND780.png","contentUrl":"https:\/\/www.lmofrance.com\/boutique\/wp-content\/uploads\/sites\/2\/2025\/06\/ND780.png","width":447,"height":261},{"@type":"BreadcrumbList","@id":"https:\/\/www.lmofrance.com\/boutique\/produit\/nd-780-heidenhain\/#breadcrumb","itemListElement":[{"@type":"ListItem","position":1,"name":"Accueil","item":"https:\/\/www.lmofrance.com\/boutique\/"},{"@type":"ListItem","position":2,"name":"Boutique","item":"https:\/\/www.lmofrance.com\/boutique\/?page_id=26"},{"@type":"ListItem","position":3,"name":"Compteur ND 780 HEIDENHAIN"}]},{"@type":"WebSite","@id":"https:\/\/www.lmofrance.com\/boutique\/#website","url":"https:\/\/www.lmofrance.com\/boutique\/","name":"Boutique","description":"Machines-outils occasion et pi\u00e8ces","potentialAction":[{"@type":"SearchAction","target":{"@type":"EntryPoint","urlTemplate":"https:\/\/www.lmofrance.com\/boutique\/?s={search_term_string}"},"query-input":{"@type":"PropertyValueSpecification","valueRequired":true,"valueName":"search_term_string"}}],"inLanguage":"fr-FR"}]}},"_links":{"self":[{"href":"https:\/\/www.lmofrance.com\/boutique\/wp-json\/wp\/v2\/product\/654","targetHints":{"allow":["GET"]}}],"collection":[{"href":"https:\/\/www.lmofrance.com\/boutique\/wp-json\/wp\/v2\/product"}],"about":[{"href":"https:\/\/www.lmofrance.com\/boutique\/wp-json\/wp\/v2\/types\/product"}],"wp:featuredmedia":[{"embeddable":true,"href":"https:\/\/www.lmofrance.com\/boutique\/wp-json\/wp\/v2\/media\/655"}],"wp:attachment":[{"href":"https:\/\/www.lmofrance.com\/boutique\/wp-json\/wp\/v2\/media?parent=654"}],"wp:term":[{"taxonomy":"product_brand","embeddable":true,"href":"https:\/\/www.lmofrance.com\/boutique\/wp-json\/wp\/v2\/product_brand?post=654"},{"taxonomy":"product_cat","embeddable":true,"href":"https:\/\/www.lmofrance.com\/boutique\/wp-json\/wp\/v2\/product_cat?post=654"},{"taxonomy":"product_tag","embeddable":true,"href":"https:\/\/www.lmofrance.com\/boutique\/wp-json\/wp\/v2\/product_tag?post=654"}],"curies":[{"name":"wp","href":"https:\/\/api.w.org\/{rel}","templated":true}]}}