{"id":670,"date":"2025-07-09T10:27:37","date_gmt":"2025-07-09T08:27:37","guid":{"rendered":"https:\/\/www.lmofrance.com\/boutique\/?post_type=product&#038;p=670"},"modified":"2026-02-04T14:46:19","modified_gmt":"2026-02-04T13:46:19","slug":"fraiseuse-universelle-kiheung-modele-kmb-u3","status":"publish","type":"product","link":"https:\/\/www.lmofrance.com\/boutique\/produit\/fraiseuse-universelle-kiheung-modele-kmb-u3\/","title":{"rendered":"Fraiseuse Universelle Kiheung, Mod\u00e8le KMB-U3"},"content":{"rendered":"<div class=\"wpb-content-wrapper\"><p>[vc_row][vc_column][vc_empty_space][vc_column_text el_class=\u00a0\u00bbtitre-h2 habillage-titre-trait\u00a0\u00bb]Description de la machine[\/vc_column_text][\/vc_column][\/vc_row][vc_row][vc_column width=\u00a0\u00bb1\/2&Prime;][vc_column_text]<span class=\"fort\">VISUALISATION :<\/span><\/p>\n<ul>\n<li>Visualisation de c\u00f4tes HEIDENHAIN<\/li>\n<li>3 axes Type Positip<\/li>\n<\/ul>\n<p><span class=\"fort\">Courses :<\/span><\/p>\n<ul>\n<li>Courses X \/ Y \/ Z : 1200 \/ 600 \/ 550 mm<\/li>\n<li>Table : 470 X 1700 mm<\/li>\n<li>Charge admissible : 1200 Kg<\/li>\n<\/ul>\n<p>[\/vc_column_text][\/vc_column][vc_column width=\u00a0\u00bb1\/2&Prime;][vc_column_text]<span class=\"fort\">Broche :<\/span><\/p>\n<ul>\n<li>C\u00f4ne : ISO 40<\/li>\n<li>Moteur : 1720 tr\/min<\/li>\n<li>Puissance de la broche : 7,5 kW<\/li>\n<li>T\u00eate manuelle universelle type HURON<\/li>\n<\/ul>\n<p><span class=\"fort\">Rapides :<\/span><\/p>\n<ul>\n<li>Vitesses rapides X\/Y\/Z : 8\/8\/10 m\/min<\/li>\n<\/ul>\n<p>[\/vc_column_text][\/vc_column][\/vc_row][vc_row][vc_column][vc_column_text]<span class=\"fort\">Equipements de la machine :<\/span>[\/vc_column_text][vc_row_inner][vc_column_inner width=\u00a0\u00bb1\/2&Prime;][vc_column_text]<\/p>\n<ul>\n<li>Manivelle Portable<\/li>\n<li>Lampe d&rsquo;\u00e9clairage de la zone de travail<\/li>\n<li>Vis \u00e0 billes sur les 3 axes<\/li>\n<li>Guidages prismatiques sur les 3 axes<\/li>\n<li>R\u00e8gles de mesure sur les 3 axes<\/li>\n<li>Graissage centralis\u00e9<\/li>\n<\/ul>\n<p>[\/vc_column_text][\/vc_column_inner][vc_column_inner width=\u00a0\u00bb1\/2&Prime;][vc_column_text]<\/p>\n<ul>\n<li>Machine visible en nos locaux<\/li>\n<li>&#8211; Garantie de bon fonctionnement<\/li>\n<li>&#8211; Paiement 100% d\u2019avance<\/li>\n<li>&#8211; Mise en service et port en sus<\/li>\n<\/ul>\n<p>[\/vc_column_text][\/vc_column_inner][\/vc_row_inner][\/vc_column][\/vc_row][vc_row][vc_column][vc_column_text el_class=\u00a0\u00bbtitre-h2 habillage-titre-trait titre-centre\u00a0\u00bb]<\/p>\n<p style=\"text-align: center;\">Vous souhaitez commander cette machine ?<\/p>\n<p>[\/vc_column_text][vc_btn title=\u00a0\u00bbDemandez un devis\u00a0\u00bb style=\u00a0\u00bbcustom\u00a0\u00bb custom_background=\u00a0\u00bb#163254&Prime; custom_text=\u00a0\u00bb#ffffff\u00a0\u00bb shape=\u00a0\u00bbsquare\u00a0\u00bb size=\u00a0\u00bblg\u00a0\u00bb align=\u00a0\u00bbcenter\u00a0\u00bb link=\u00a0\u00bburl:%2Fdemande-de-devis\u00a0\u00bb][\/vc_column][\/vc_row]<\/p>\n<\/div>","protected":false},"excerpt":{"rendered":"<p><span class=\"fort\">Type ou mod\u00e8le :<\/span> Kiheung \u2013 KMB U3 \u2013 Tr\u00e8s bon \u00e9tat<br \/>\n<span class=\"&quot;fort'\">N\u00b0 de s\u00e9rie : <\/span>10120301<\/p>\n<p><span class=\"fort\">D\u00e9lai :<\/span> Disponible LMO (59)<br \/>\n<span class=\"fort\">Machine :<\/span> Occasion (Ann\u00e9e 2012)<\/p>\n","protected":false},"featured_media":807,"template":"","meta":[],"product_brand":[],"product_cat":[26,42,28,19],"product_tag":[],"class_list":{"0":"post-670","1":"product","2":"type-product","3":"status-publish","4":"has-post-thumbnail","6":"product_cat-fraiseuse","7":"product_cat-kiheung","8":"product_cat-marques","9":"product_cat-occasion-machine","11":"first","12":"instock","13":"taxable","14":"shipping-taxable","15":"product-type-simple"},"yoast_head":"<!-- This site is optimized with the Yoast SEO plugin v27.4 - https:\/\/yoast.com\/product\/yoast-seo-wordpress\/ -->\n<title>Machine d&#039;occasion KIHEUNG tr\u00e8s bon Etat U600<\/title>\n<meta name=\"robots\" content=\"index, follow, max-snippet:-1, max-image-preview:large, max-video-preview:-1\" \/>\n<link rel=\"canonical\" href=\"https:\/\/www.lmofrance.com\/boutique\/produit\/fraiseuse-universelle-kiheung-modele-kmb-u3\/\" \/>\n<meta property=\"og:locale\" content=\"fr_FR\" \/>\n<meta property=\"og:type\" content=\"article\" \/>\n<meta property=\"og:title\" content=\"Machine d&#039;occasion KIHEUNG tr\u00e8s bon Etat U600\" \/>\n<meta property=\"og:description\" content=\"Type ou mod\u00e8le : Kiheung \u2013 KMB U3 \u2013 Tr\u00e8s bon \u00e9tat N\u00b0 de s\u00e9rie : 10120301  D\u00e9lai : Disponible LMO (59) Machine : Occasion (Ann\u00e9e 2012)\" \/>\n<meta property=\"og:url\" content=\"https:\/\/www.lmofrance.com\/boutique\/produit\/fraiseuse-universelle-kiheung-modele-kmb-u3\/\" \/>\n<meta property=\"og:site_name\" content=\"Boutique\" \/>\n<meta property=\"article:modified_time\" content=\"2026-02-04T13:46:19+00:00\" \/>\n<meta property=\"og:image\" content=\"https:\/\/www.lmofrance.com\/boutique\/wp-content\/uploads\/sites\/2\/2025\/07\/KIHEUNG-KMB-U3.Vendue.jpeg\" \/>\n\t<meta property=\"og:image:width\" content=\"531\" \/>\n\t<meta property=\"og:image:height\" content=\"528\" \/>\n\t<meta property=\"og:image:type\" content=\"image\/jpeg\" \/>\n<meta name=\"twitter:card\" content=\"summary_large_image\" \/>\n<meta name=\"twitter:label1\" content=\"Dur\u00e9e de lecture estim\u00e9e\" \/>\n\t<meta name=\"twitter:data1\" content=\"1 minute\" \/>\n<script type=\"application\/ld+json\" class=\"yoast-schema-graph\">{\"@context\":\"https:\\\/\\\/schema.org\",\"@graph\":[{\"@type\":\"WebPage\",\"@id\":\"https:\\\/\\\/www.lmofrance.com\\\/boutique\\\/produit\\\/fraiseuse-universelle-kiheung-modele-kmb-u3\\\/\",\"url\":\"https:\\\/\\\/www.lmofrance.com\\\/boutique\\\/produit\\\/fraiseuse-universelle-kiheung-modele-kmb-u3\\\/\",\"name\":\"Machine d'occasion KIHEUNG tr\u00e8s bon Etat U600\",\"isPartOf\":{\"@id\":\"https:\\\/\\\/www.lmofrance.com\\\/boutique\\\/#website\"},\"primaryImageOfPage\":{\"@id\":\"https:\\\/\\\/www.lmofrance.com\\\/boutique\\\/produit\\\/fraiseuse-universelle-kiheung-modele-kmb-u3\\\/#primaryimage\"},\"image\":{\"@id\":\"https:\\\/\\\/www.lmofrance.com\\\/boutique\\\/produit\\\/fraiseuse-universelle-kiheung-modele-kmb-u3\\\/#primaryimage\"},\"thumbnailUrl\":\"https:\\\/\\\/www.lmofrance.com\\\/boutique\\\/wp-content\\\/uploads\\\/sites\\\/2\\\/2025\\\/07\\\/KIHEUNG-KMB-U3.Vendue.jpeg\",\"datePublished\":\"2025-07-09T08:27:37+00:00\",\"dateModified\":\"2026-02-04T13:46:19+00:00\",\"breadcrumb\":{\"@id\":\"https:\\\/\\\/www.lmofrance.com\\\/boutique\\\/produit\\\/fraiseuse-universelle-kiheung-modele-kmb-u3\\\/#breadcrumb\"},\"inLanguage\":\"fr-FR\",\"potentialAction\":[{\"@type\":\"ReadAction\",\"target\":[\"https:\\\/\\\/www.lmofrance.com\\\/boutique\\\/produit\\\/fraiseuse-universelle-kiheung-modele-kmb-u3\\\/\"]}]},{\"@type\":\"ImageObject\",\"inLanguage\":\"fr-FR\",\"@id\":\"https:\\\/\\\/www.lmofrance.com\\\/boutique\\\/produit\\\/fraiseuse-universelle-kiheung-modele-kmb-u3\\\/#primaryimage\",\"url\":\"https:\\\/\\\/www.lmofrance.com\\\/boutique\\\/wp-content\\\/uploads\\\/sites\\\/2\\\/2025\\\/07\\\/KIHEUNG-KMB-U3.Vendue.jpeg\",\"contentUrl\":\"https:\\\/\\\/www.lmofrance.com\\\/boutique\\\/wp-content\\\/uploads\\\/sites\\\/2\\\/2025\\\/07\\\/KIHEUNG-KMB-U3.Vendue.jpeg\",\"width\":531,\"height\":528},{\"@type\":\"BreadcrumbList\",\"@id\":\"https:\\\/\\\/www.lmofrance.com\\\/boutique\\\/produit\\\/fraiseuse-universelle-kiheung-modele-kmb-u3\\\/#breadcrumb\",\"itemListElement\":[{\"@type\":\"ListItem\",\"position\":1,\"name\":\"Accueil\",\"item\":\"https:\\\/\\\/www.lmofrance.com\\\/boutique\\\/\"},{\"@type\":\"ListItem\",\"position\":2,\"name\":\"Boutique\",\"item\":\"https:\\\/\\\/www.lmofrance.com\\\/boutique\\\/?page_id=26\"},{\"@type\":\"ListItem\",\"position\":3,\"name\":\"Fraiseuse Universelle Kiheung, Mod\u00e8le KMB-U3\"}]},{\"@type\":\"WebSite\",\"@id\":\"https:\\\/\\\/www.lmofrance.com\\\/boutique\\\/#website\",\"url\":\"https:\\\/\\\/www.lmofrance.com\\\/boutique\\\/\",\"name\":\"Boutique\",\"description\":\"Machines-outils occasion et pi\u00e8ces\",\"potentialAction\":[{\"@type\":\"SearchAction\",\"target\":{\"@type\":\"EntryPoint\",\"urlTemplate\":\"https:\\\/\\\/www.lmofrance.com\\\/boutique\\\/?s={search_term_string}\"},\"query-input\":{\"@type\":\"PropertyValueSpecification\",\"valueRequired\":true,\"valueName\":\"search_term_string\"}}],\"inLanguage\":\"fr-FR\"}]}<\/script>\n<!-- \/ Yoast SEO plugin. -->","yoast_head_json":{"title":"Machine d'occasion KIHEUNG tr\u00e8s bon Etat U600","robots":{"index":"index","follow":"follow","max-snippet":"max-snippet:-1","max-image-preview":"max-image-preview:large","max-video-preview":"max-video-preview:-1"},"canonical":"https:\/\/www.lmofrance.com\/boutique\/produit\/fraiseuse-universelle-kiheung-modele-kmb-u3\/","og_locale":"fr_FR","og_type":"article","og_title":"Machine d'occasion KIHEUNG tr\u00e8s bon Etat U600","og_description":"Type ou mod\u00e8le : Kiheung \u2013 KMB U3 \u2013 Tr\u00e8s bon \u00e9tat N\u00b0 de s\u00e9rie : 10120301  D\u00e9lai : Disponible LMO (59) Machine : Occasion (Ann\u00e9e 2012)","og_url":"https:\/\/www.lmofrance.com\/boutique\/produit\/fraiseuse-universelle-kiheung-modele-kmb-u3\/","og_site_name":"Boutique","article_modified_time":"2026-02-04T13:46:19+00:00","og_image":[{"width":531,"height":528,"url":"https:\/\/www.lmofrance.com\/boutique\/wp-content\/uploads\/sites\/2\/2025\/07\/KIHEUNG-KMB-U3.Vendue.jpeg","type":"image\/jpeg"}],"twitter_card":"summary_large_image","twitter_misc":{"Dur\u00e9e de lecture estim\u00e9e":"1 minute"},"schema":{"@context":"https:\/\/schema.org","@graph":[{"@type":"WebPage","@id":"https:\/\/www.lmofrance.com\/boutique\/produit\/fraiseuse-universelle-kiheung-modele-kmb-u3\/","url":"https:\/\/www.lmofrance.com\/boutique\/produit\/fraiseuse-universelle-kiheung-modele-kmb-u3\/","name":"Machine d'occasion KIHEUNG tr\u00e8s bon Etat U600","isPartOf":{"@id":"https:\/\/www.lmofrance.com\/boutique\/#website"},"primaryImageOfPage":{"@id":"https:\/\/www.lmofrance.com\/boutique\/produit\/fraiseuse-universelle-kiheung-modele-kmb-u3\/#primaryimage"},"image":{"@id":"https:\/\/www.lmofrance.com\/boutique\/produit\/fraiseuse-universelle-kiheung-modele-kmb-u3\/#primaryimage"},"thumbnailUrl":"https:\/\/www.lmofrance.com\/boutique\/wp-content\/uploads\/sites\/2\/2025\/07\/KIHEUNG-KMB-U3.Vendue.jpeg","datePublished":"2025-07-09T08:27:37+00:00","dateModified":"2026-02-04T13:46:19+00:00","breadcrumb":{"@id":"https:\/\/www.lmofrance.com\/boutique\/produit\/fraiseuse-universelle-kiheung-modele-kmb-u3\/#breadcrumb"},"inLanguage":"fr-FR","potentialAction":[{"@type":"ReadAction","target":["https:\/\/www.lmofrance.com\/boutique\/produit\/fraiseuse-universelle-kiheung-modele-kmb-u3\/"]}]},{"@type":"ImageObject","inLanguage":"fr-FR","@id":"https:\/\/www.lmofrance.com\/boutique\/produit\/fraiseuse-universelle-kiheung-modele-kmb-u3\/#primaryimage","url":"https:\/\/www.lmofrance.com\/boutique\/wp-content\/uploads\/sites\/2\/2025\/07\/KIHEUNG-KMB-U3.Vendue.jpeg","contentUrl":"https:\/\/www.lmofrance.com\/boutique\/wp-content\/uploads\/sites\/2\/2025\/07\/KIHEUNG-KMB-U3.Vendue.jpeg","width":531,"height":528},{"@type":"BreadcrumbList","@id":"https:\/\/www.lmofrance.com\/boutique\/produit\/fraiseuse-universelle-kiheung-modele-kmb-u3\/#breadcrumb","itemListElement":[{"@type":"ListItem","position":1,"name":"Accueil","item":"https:\/\/www.lmofrance.com\/boutique\/"},{"@type":"ListItem","position":2,"name":"Boutique","item":"https:\/\/www.lmofrance.com\/boutique\/?page_id=26"},{"@type":"ListItem","position":3,"name":"Fraiseuse Universelle Kiheung, Mod\u00e8le KMB-U3"}]},{"@type":"WebSite","@id":"https:\/\/www.lmofrance.com\/boutique\/#website","url":"https:\/\/www.lmofrance.com\/boutique\/","name":"Boutique","description":"Machines-outils occasion et pi\u00e8ces","potentialAction":[{"@type":"SearchAction","target":{"@type":"EntryPoint","urlTemplate":"https:\/\/www.lmofrance.com\/boutique\/?s={search_term_string}"},"query-input":{"@type":"PropertyValueSpecification","valueRequired":true,"valueName":"search_term_string"}}],"inLanguage":"fr-FR"}]}},"_links":{"self":[{"href":"https:\/\/www.lmofrance.com\/boutique\/wp-json\/wp\/v2\/product\/670","targetHints":{"allow":["GET"]}}],"collection":[{"href":"https:\/\/www.lmofrance.com\/boutique\/wp-json\/wp\/v2\/product"}],"about":[{"href":"https:\/\/www.lmofrance.com\/boutique\/wp-json\/wp\/v2\/types\/product"}],"wp:featuredmedia":[{"embeddable":true,"href":"https:\/\/www.lmofrance.com\/boutique\/wp-json\/wp\/v2\/media\/807"}],"wp:attachment":[{"href":"https:\/\/www.lmofrance.com\/boutique\/wp-json\/wp\/v2\/media?parent=670"}],"wp:term":[{"taxonomy":"product_brand","embeddable":true,"href":"https:\/\/www.lmofrance.com\/boutique\/wp-json\/wp\/v2\/product_brand?post=670"},{"taxonomy":"product_cat","embeddable":true,"href":"https:\/\/www.lmofrance.com\/boutique\/wp-json\/wp\/v2\/product_cat?post=670"},{"taxonomy":"product_tag","embeddable":true,"href":"https:\/\/www.lmofrance.com\/boutique\/wp-json\/wp\/v2\/product_tag?post=670"}],"curies":[{"name":"wp","href":"https:\/\/api.w.org\/{rel}","templated":true}]}}