{"id":858,"date":"2026-04-28T16:00:37","date_gmt":"2026-04-28T14:00:37","guid":{"rendered":"https:\/\/www.lmofrance.com\/boutique\/?post_type=product&#038;p=858"},"modified":"2026-04-28T16:08:59","modified_gmt":"2026-04-28T14:08:59","slug":"centre-dusinage-vertical-modele-mikron-vce-600-pro","status":"publish","type":"product","link":"https:\/\/www.lmofrance.com\/boutique\/produit\/centre-dusinage-vertical-modele-mikron-vce-600-pro\/","title":{"rendered":"Centre d&rsquo;usinage vertical, mod\u00e8le MIKRON \u2013 VCE 600 Pro"},"content":{"rendered":"<div class=\"wpb-content-wrapper\"><p>[vc_row][vc_column][vc_empty_space][vc_column_text el_class=\u00a0\u00bbtitre-h2 habillage-titre-trait\u00a0\u00bb]Description de la machine[\/vc_column_text][vc_row_inner][vc_column_inner width=\u00a0\u00bb1\/2&Prime;][vc_column_text]<u><b>Commande num\u00e9rique <\/b><\/u>:<\/p>\n<p>Commande num\u00e9rique HEIDENHAIN iTNC 530<\/p>\n<p><u><b>Broche<\/b><\/u> :<\/p>\n<p>Vitesse de broche 12000 tr\/min,<\/p>\n<p>16 KW[\/vc_column_text][\/vc_column_inner][vc_column_inner width=\u00a0\u00bb1\/2&Prime;][vc_column_text]<u><b>Courses<\/b><\/u> :<\/p>\n<p>Courses X\/Y\/Z : 600 x 500 x 540 mm<\/p>\n<p><u><b>Rapides<\/b><\/u> :<\/p>\n<p>Vitesse d\u2019avance rapide : 24\/24\/20m\/min[\/vc_column_text][\/vc_column_inner][\/vc_row_inner][\/vc_column][\/vc_row][vc_row][vc_column][vc_column_text]<span class=\"fort\">Equipements de la machine :<\/span>[\/vc_column_text][vc_row_inner][vc_column_inner width=\u00a0\u00bb1\/2&Prime;][vc_column_text]<\/p>\n<ul>\n<li>ISO 40<\/li>\n<li>Changeur 24 outils<\/li>\n<li>Convoyeur \u00e0 copeaux<\/li>\n<li>Arrosage 15 bars<\/li>\n<li>Palpeur pi\u00e8ce<\/li>\n<li>Palpeurs outils<\/li>\n<li>Colonne lumineuse<\/li>\n<li>Normes CE<\/li>\n<\/ul>\n<p>[\/vc_column_text][\/vc_column_inner][vc_column_inner width=\u00a0\u00bb1\/2&Prime;][\/vc_column_inner][\/vc_row_inner][\/vc_column][\/vc_row][vc_row][vc_column][vc_column_text el_class=\u00a0\u00bbtitre-h2 habillage-titre-trait titre-centre\u00a0\u00bb]<\/p>\n<p style=\"text-align: center;\">Vous souhaitez commander cette machine ?<\/p>\n<p>[\/vc_column_text][vc_btn title=\u00a0\u00bbDemandez un devis\u00a0\u00bb style=\u00a0\u00bbcustom\u00a0\u00bb custom_background=\u00a0\u00bb#163254&Prime; custom_text=\u00a0\u00bb#ffffff\u00a0\u00bb shape=\u00a0\u00bbsquare\u00a0\u00bb size=\u00a0\u00bblg\u00a0\u00bb align=\u00a0\u00bbcenter\u00a0\u00bb link=\u00a0\u00bburl:%2Fdemande-de-devis\u00a0\u00bb][\/vc_column][\/vc_row]<\/p>\n<\/div>","protected":false},"excerpt":{"rendered":"<p><span class=\"fort\">Type ou mod\u00e8le : <\/span>MIKRON \u2013 VCE 600 Pro \u2013 HEIDENHAIN iTNC 530<br \/>\n<span class=\"fort\">N\u00b0 de s\u00e9rie :<\/span> 0443<br \/>\n<span class=\"fort\">D\u00e9lais :<\/span> Court (86)<br \/>\n<span class=\"fort\">Machine :<\/span> Occasion &#8211; Ann\u00e9e 2011<\/p>\n","protected":false},"featured_media":861,"template":"","meta":[],"product_brand":[],"product_cat":[47,28,62,19],"product_tag":[],"class_list":{"0":"post-858","1":"product","2":"type-product","3":"status-publish","4":"has-post-thumbnail","6":"product_cat-centre-dusinage","7":"product_cat-marques","8":"product_cat-mikron","9":"product_cat-occasion-machine","11":"first","12":"instock","13":"sold-individually","14":"taxable","15":"shipping-taxable","16":"product-type-simple"},"yoast_head":"<!-- This site is optimized with the Yoast SEO plugin v27.5 - https:\/\/yoast.com\/product\/yoast-seo-wordpress\/ -->\n<title>Machine outil d&#039;occasion YCM, commande num\u00e9rique HEIDENHAIN<\/title>\n<meta name=\"robots\" content=\"index, follow, max-snippet:-1, max-image-preview:large, max-video-preview:-1\" \/>\n<link rel=\"canonical\" href=\"https:\/\/www.lmofrance.com\/boutique\/produit\/centre-dusinage-vertical-modele-mikron-vce-600-pro\/\" \/>\n<meta property=\"og:locale\" content=\"fr_FR\" \/>\n<meta property=\"og:type\" content=\"article\" \/>\n<meta property=\"og:title\" content=\"Machine outil d&#039;occasion YCM, commande num\u00e9rique HEIDENHAIN\" \/>\n<meta property=\"og:description\" content=\"Type ou mod\u00e8le : MIKRON \u2013 VCE 600 Pro \u2013 HEIDENHAIN iTNC 530 N\u00b0 de s\u00e9rie : 0443 D\u00e9lais : Court (86) Machine : Occasion - Ann\u00e9e 2011\" \/>\n<meta property=\"og:url\" content=\"https:\/\/www.lmofrance.com\/boutique\/produit\/centre-dusinage-vertical-modele-mikron-vce-600-pro\/\" \/>\n<meta property=\"og:site_name\" content=\"Boutique\" \/>\n<meta property=\"article:modified_time\" content=\"2026-04-28T14:08:59+00:00\" \/>\n<meta property=\"og:image\" content=\"https:\/\/www.lmofrance.com\/boutique\/wp-content\/uploads\/sites\/2\/2026\/04\/MIKRON-VCE-600-PRO.1.png\" \/>\n\t<meta property=\"og:image:width\" content=\"721\" \/>\n\t<meta property=\"og:image:height\" content=\"727\" \/>\n\t<meta property=\"og:image:type\" content=\"image\/png\" \/>\n<meta name=\"twitter:card\" content=\"summary_large_image\" \/>\n<meta name=\"twitter:label1\" content=\"Dur\u00e9e de lecture estim\u00e9e\" \/>\n\t<meta name=\"twitter:data1\" content=\"1 minute\" \/>\n<script type=\"application\/ld+json\" class=\"yoast-schema-graph\">{\"@context\":\"https:\\\/\\\/schema.org\",\"@graph\":[{\"@type\":\"WebPage\",\"@id\":\"https:\\\/\\\/www.lmofrance.com\\\/boutique\\\/produit\\\/centre-dusinage-vertical-modele-mikron-vce-600-pro\\\/\",\"url\":\"https:\\\/\\\/www.lmofrance.com\\\/boutique\\\/produit\\\/centre-dusinage-vertical-modele-mikron-vce-600-pro\\\/\",\"name\":\"Machine outil d'occasion YCM, commande num\u00e9rique HEIDENHAIN\",\"isPartOf\":{\"@id\":\"https:\\\/\\\/www.lmofrance.com\\\/boutique\\\/#website\"},\"primaryImageOfPage\":{\"@id\":\"https:\\\/\\\/www.lmofrance.com\\\/boutique\\\/produit\\\/centre-dusinage-vertical-modele-mikron-vce-600-pro\\\/#primaryimage\"},\"image\":{\"@id\":\"https:\\\/\\\/www.lmofrance.com\\\/boutique\\\/produit\\\/centre-dusinage-vertical-modele-mikron-vce-600-pro\\\/#primaryimage\"},\"thumbnailUrl\":\"https:\\\/\\\/www.lmofrance.com\\\/boutique\\\/wp-content\\\/uploads\\\/sites\\\/2\\\/2026\\\/04\\\/MIKRON-VCE-600-PRO.1.png\",\"datePublished\":\"2026-04-28T14:00:37+00:00\",\"dateModified\":\"2026-04-28T14:08:59+00:00\",\"breadcrumb\":{\"@id\":\"https:\\\/\\\/www.lmofrance.com\\\/boutique\\\/produit\\\/centre-dusinage-vertical-modele-mikron-vce-600-pro\\\/#breadcrumb\"},\"inLanguage\":\"fr-FR\",\"potentialAction\":[{\"@type\":\"ReadAction\",\"target\":[\"https:\\\/\\\/www.lmofrance.com\\\/boutique\\\/produit\\\/centre-dusinage-vertical-modele-mikron-vce-600-pro\\\/\"]}]},{\"@type\":\"ImageObject\",\"inLanguage\":\"fr-FR\",\"@id\":\"https:\\\/\\\/www.lmofrance.com\\\/boutique\\\/produit\\\/centre-dusinage-vertical-modele-mikron-vce-600-pro\\\/#primaryimage\",\"url\":\"https:\\\/\\\/www.lmofrance.com\\\/boutique\\\/wp-content\\\/uploads\\\/sites\\\/2\\\/2026\\\/04\\\/MIKRON-VCE-600-PRO.1.png\",\"contentUrl\":\"https:\\\/\\\/www.lmofrance.com\\\/boutique\\\/wp-content\\\/uploads\\\/sites\\\/2\\\/2026\\\/04\\\/MIKRON-VCE-600-PRO.1.png\",\"width\":721,\"height\":727},{\"@type\":\"BreadcrumbList\",\"@id\":\"https:\\\/\\\/www.lmofrance.com\\\/boutique\\\/produit\\\/centre-dusinage-vertical-modele-mikron-vce-600-pro\\\/#breadcrumb\",\"itemListElement\":[{\"@type\":\"ListItem\",\"position\":1,\"name\":\"Accueil\",\"item\":\"https:\\\/\\\/www.lmofrance.com\\\/boutique\\\/\"},{\"@type\":\"ListItem\",\"position\":2,\"name\":\"Boutique\",\"item\":\"https:\\\/\\\/www.lmofrance.com\\\/boutique\\\/?page_id=26\"},{\"@type\":\"ListItem\",\"position\":3,\"name\":\"Centre d&rsquo;usinage vertical, mod\u00e8le MIKRON \u2013 VCE 600 Pro\"}]},{\"@type\":\"WebSite\",\"@id\":\"https:\\\/\\\/www.lmofrance.com\\\/boutique\\\/#website\",\"url\":\"https:\\\/\\\/www.lmofrance.com\\\/boutique\\\/\",\"name\":\"Boutique\",\"description\":\"Machines-outils occasion et pi\u00e8ces\",\"potentialAction\":[{\"@type\":\"SearchAction\",\"target\":{\"@type\":\"EntryPoint\",\"urlTemplate\":\"https:\\\/\\\/www.lmofrance.com\\\/boutique\\\/?s={search_term_string}\"},\"query-input\":{\"@type\":\"PropertyValueSpecification\",\"valueRequired\":true,\"valueName\":\"search_term_string\"}}],\"inLanguage\":\"fr-FR\"}]}<\/script>\n<!-- \/ Yoast SEO plugin. -->","yoast_head_json":{"title":"Machine outil d'occasion YCM, commande num\u00e9rique HEIDENHAIN","robots":{"index":"index","follow":"follow","max-snippet":"max-snippet:-1","max-image-preview":"max-image-preview:large","max-video-preview":"max-video-preview:-1"},"canonical":"https:\/\/www.lmofrance.com\/boutique\/produit\/centre-dusinage-vertical-modele-mikron-vce-600-pro\/","og_locale":"fr_FR","og_type":"article","og_title":"Machine outil d'occasion YCM, commande num\u00e9rique HEIDENHAIN","og_description":"Type ou mod\u00e8le : MIKRON \u2013 VCE 600 Pro \u2013 HEIDENHAIN iTNC 530 N\u00b0 de s\u00e9rie : 0443 D\u00e9lais : Court (86) Machine : Occasion - Ann\u00e9e 2011","og_url":"https:\/\/www.lmofrance.com\/boutique\/produit\/centre-dusinage-vertical-modele-mikron-vce-600-pro\/","og_site_name":"Boutique","article_modified_time":"2026-04-28T14:08:59+00:00","og_image":[{"width":721,"height":727,"url":"https:\/\/www.lmofrance.com\/boutique\/wp-content\/uploads\/sites\/2\/2026\/04\/MIKRON-VCE-600-PRO.1.png","type":"image\/png"}],"twitter_card":"summary_large_image","twitter_misc":{"Dur\u00e9e de lecture estim\u00e9e":"1 minute"},"schema":{"@context":"https:\/\/schema.org","@graph":[{"@type":"WebPage","@id":"https:\/\/www.lmofrance.com\/boutique\/produit\/centre-dusinage-vertical-modele-mikron-vce-600-pro\/","url":"https:\/\/www.lmofrance.com\/boutique\/produit\/centre-dusinage-vertical-modele-mikron-vce-600-pro\/","name":"Machine outil d'occasion YCM, commande num\u00e9rique HEIDENHAIN","isPartOf":{"@id":"https:\/\/www.lmofrance.com\/boutique\/#website"},"primaryImageOfPage":{"@id":"https:\/\/www.lmofrance.com\/boutique\/produit\/centre-dusinage-vertical-modele-mikron-vce-600-pro\/#primaryimage"},"image":{"@id":"https:\/\/www.lmofrance.com\/boutique\/produit\/centre-dusinage-vertical-modele-mikron-vce-600-pro\/#primaryimage"},"thumbnailUrl":"https:\/\/www.lmofrance.com\/boutique\/wp-content\/uploads\/sites\/2\/2026\/04\/MIKRON-VCE-600-PRO.1.png","datePublished":"2026-04-28T14:00:37+00:00","dateModified":"2026-04-28T14:08:59+00:00","breadcrumb":{"@id":"https:\/\/www.lmofrance.com\/boutique\/produit\/centre-dusinage-vertical-modele-mikron-vce-600-pro\/#breadcrumb"},"inLanguage":"fr-FR","potentialAction":[{"@type":"ReadAction","target":["https:\/\/www.lmofrance.com\/boutique\/produit\/centre-dusinage-vertical-modele-mikron-vce-600-pro\/"]}]},{"@type":"ImageObject","inLanguage":"fr-FR","@id":"https:\/\/www.lmofrance.com\/boutique\/produit\/centre-dusinage-vertical-modele-mikron-vce-600-pro\/#primaryimage","url":"https:\/\/www.lmofrance.com\/boutique\/wp-content\/uploads\/sites\/2\/2026\/04\/MIKRON-VCE-600-PRO.1.png","contentUrl":"https:\/\/www.lmofrance.com\/boutique\/wp-content\/uploads\/sites\/2\/2026\/04\/MIKRON-VCE-600-PRO.1.png","width":721,"height":727},{"@type":"BreadcrumbList","@id":"https:\/\/www.lmofrance.com\/boutique\/produit\/centre-dusinage-vertical-modele-mikron-vce-600-pro\/#breadcrumb","itemListElement":[{"@type":"ListItem","position":1,"name":"Accueil","item":"https:\/\/www.lmofrance.com\/boutique\/"},{"@type":"ListItem","position":2,"name":"Boutique","item":"https:\/\/www.lmofrance.com\/boutique\/?page_id=26"},{"@type":"ListItem","position":3,"name":"Centre d&rsquo;usinage vertical, mod\u00e8le MIKRON \u2013 VCE 600 Pro"}]},{"@type":"WebSite","@id":"https:\/\/www.lmofrance.com\/boutique\/#website","url":"https:\/\/www.lmofrance.com\/boutique\/","name":"Boutique","description":"Machines-outils occasion et pi\u00e8ces","potentialAction":[{"@type":"SearchAction","target":{"@type":"EntryPoint","urlTemplate":"https:\/\/www.lmofrance.com\/boutique\/?s={search_term_string}"},"query-input":{"@type":"PropertyValueSpecification","valueRequired":true,"valueName":"search_term_string"}}],"inLanguage":"fr-FR"}]}},"_links":{"self":[{"href":"https:\/\/www.lmofrance.com\/boutique\/wp-json\/wp\/v2\/product\/858","targetHints":{"allow":["GET"]}}],"collection":[{"href":"https:\/\/www.lmofrance.com\/boutique\/wp-json\/wp\/v2\/product"}],"about":[{"href":"https:\/\/www.lmofrance.com\/boutique\/wp-json\/wp\/v2\/types\/product"}],"wp:featuredmedia":[{"embeddable":true,"href":"https:\/\/www.lmofrance.com\/boutique\/wp-json\/wp\/v2\/media\/861"}],"wp:attachment":[{"href":"https:\/\/www.lmofrance.com\/boutique\/wp-json\/wp\/v2\/media?parent=858"}],"wp:term":[{"taxonomy":"product_brand","embeddable":true,"href":"https:\/\/www.lmofrance.com\/boutique\/wp-json\/wp\/v2\/product_brand?post=858"},{"taxonomy":"product_cat","embeddable":true,"href":"https:\/\/www.lmofrance.com\/boutique\/wp-json\/wp\/v2\/product_cat?post=858"},{"taxonomy":"product_tag","embeddable":true,"href":"https:\/\/www.lmofrance.com\/boutique\/wp-json\/wp\/v2\/product_tag?post=858"}],"curies":[{"name":"wp","href":"https:\/\/api.w.org\/{rel}","templated":true}]}}