{"id":862,"date":"2026-04-28T16:19:39","date_gmt":"2026-04-28T14:19:39","guid":{"rendered":"https:\/\/www.lmofrance.com\/boutique\/?post_type=product&#038;p=862"},"modified":"2026-04-28T16:26:01","modified_gmt":"2026-04-28T14:26:01","slug":"tour-cnc-modele-morton-frejoth-fel-2800enc","status":"publish","type":"product","link":"https:\/\/www.lmofrance.com\/boutique\/produit\/tour-cnc-modele-morton-frejoth-fel-2800enc\/","title":{"rendered":"Tour CNC, mod\u00e8le MORTON &#8211; FREJOTH FEL-2800ENC"},"content":{"rendered":"<div class=\"wpb-content-wrapper\"><p>[vc_row][vc_column][vc_column_text el_class=\u00a0\u00bbtitre-h2 habillage-titre-trait\u00a0\u00bb]Description de la machine[\/vc_column_text][\/vc_column][\/vc_row][vc_row][vc_column width=\u00a0\u00bb1\/2&Prime;][vc_column_text]<u><b>Commande num\u00e9rique <\/b><\/u>:<\/p>\n<p>Commande num\u00e9rique FAGOR 8055IA<\/p>\n<p><u><b>Broche :<\/b><\/u><\/p>\n<p>Broche 2000 tr\/min &#8211; 15\/22 KW<\/p>\n<p>Passage de broche : 83 mm<\/p>\n<p>Nez de broche-Table : D1-8[\/vc_column_text][\/vc_column][vc_column width=\u00a0\u00bb1\/2&Prime;][vc_column_text]<u><b>Courses :<\/b><\/u><\/p>\n<p>Courses X : 450 mm<\/p>\n<p>Courses Z : 3 775 mm<\/p>\n<p><u><b>Rapides :<\/b><\/u><\/p>\n<p>Avance rapide (X\/Z) : 7\/8 m\/min<\/p>\n<p><u><b>CARACTERISTIQUES :<\/b><\/u><\/p>\n<p>Diam\u00e8tre au-dessus du banc : 720 mm<\/p>\n<p>Diam\u00e8tre en transversal : 430 mm<\/p>\n<p>Diam\u00e8tre dans le rompu : 900 mm<\/p>\n<p>Capacit\u00e9 en barre : 70 mm[\/vc_column_text][\/vc_column][\/vc_row][vc_row][vc_column][vc_column_text el_class=\u00a0\u00bbtitre-h2 habillage-titre-trait\u00a0\u00bb]Equipement de la machine[\/vc_column_text][\/vc_column][\/vc_row][vc_row][vc_column width=\u00a0\u00bb1\/2&Prime;][vc_column_text]<\/p>\n<ul>\n<li>Manivelle \u00e9lectronique<\/li>\n<li>Lampe de travail<\/li>\n<li>Syst\u00e8me d\u2019arrosage &#8211; Syst\u00e8me de lubrification auto<\/li>\n<li>Boite de vitesse 3 rapports avec changement hydraulique<\/li>\n<li>Contrepointe manuelle avec 2 gammes d\u2019avance<\/li>\n<\/ul>\n<p>[\/vc_column_text][\/vc_column][vc_column width=\u00a0\u00bb1\/2&Prime;][vc_column_text]<\/p>\n<ul>\n<li>Pointe s\u00e8che<\/li>\n<li>Echangeur thermique<\/li>\n<li>Colonne lumineuse 3 couleurs<\/li>\n<li>Convoyeur \u00e0 copeaux<\/li>\n<li>Certification CE<\/li>\n<\/ul>\n<p>[\/vc_column_text][\/vc_column][\/vc_row][vc_row][vc_column][vc_column_text el_class=\u00a0\u00bbtitre-h2 habillage-titre-trait titre-centre\u00a0\u00bb]<\/p>\n<p style=\"text-align: center;\">Vous souhaitez commander cette machine ?<\/p>\n<p>[\/vc_column_text][vc_btn title=\u00a0\u00bbDemandez un devis\u00a0\u00bb style=\u00a0\u00bbcustom\u00a0\u00bb custom_background=\u00a0\u00bb#163254&Prime; custom_text=\u00a0\u00bb#ffffff\u00a0\u00bb shape=\u00a0\u00bbsquare\u00a0\u00bb size=\u00a0\u00bblg\u00a0\u00bb align=\u00a0\u00bbcenter\u00a0\u00bb link=\u00a0\u00bburl:%2Fdemande-de-devis\u00a0\u00bb][\/vc_column][\/vc_row]<\/p>\n<\/div>","protected":false},"excerpt":{"rendered":"<ul>\n<li><span class=\"fort\">Type ou mod\u00e8le :<\/span> MORTON &#8211; Tour FREJOTH FEL-2800ENC<\/li>\n<li><span class=\"fort\">N\u00b0 de s\u00e9rie :<\/span> 97052801<\/li>\n<li><span class=\"fort\">D\u00e9lai :<\/span> Disponible LMO (59)<\/li>\n<li><span class=\"fort\">Machine :<\/span> Occasion (Ann\u00e9e 2008)<\/li>\n<\/ul>\n","protected":false},"featured_media":0,"template":"","meta":[],"product_brand":[],"product_cat":[28,63,19,57],"product_tag":[],"class_list":{"0":"post-862","1":"product","2":"type-product","3":"status-publish","5":"product_cat-marques","6":"product_cat-morton","7":"product_cat-occasion-machine","8":"product_cat-tour-cnc","10":"first","11":"instock","12":"taxable","13":"shipping-taxable","14":"product-type-simple"},"yoast_head":"<!-- This site is optimized with the Yoast SEO plugin v27.5 - https:\/\/yoast.com\/product\/yoast-seo-wordpress\/ -->\n<title>Tour CNC, mod\u00e8le MORTON - FREJOTH FEL-2800ENC - Boutique<\/title>\n<meta name=\"robots\" content=\"index, follow, max-snippet:-1, max-image-preview:large, max-video-preview:-1\" \/>\n<link rel=\"canonical\" href=\"https:\/\/www.lmofrance.com\/boutique\/produit\/tour-cnc-modele-morton-frejoth-fel-2800enc\/\" \/>\n<meta property=\"og:locale\" content=\"fr_FR\" \/>\n<meta property=\"og:type\" content=\"article\" \/>\n<meta property=\"og:title\" content=\"Tour CNC, mod\u00e8le MORTON - FREJOTH FEL-2800ENC - Boutique\" \/>\n<meta property=\"og:description\" content=\"Type ou mod\u00e8le : MORTON - Tour FREJOTH FEL-2800ENC  N\u00b0 de s\u00e9rie : 97052801  D\u00e9lai : Disponible LMO (59)  Machine : Occasion (Ann\u00e9e 2008)\" \/>\n<meta property=\"og:url\" content=\"https:\/\/www.lmofrance.com\/boutique\/produit\/tour-cnc-modele-morton-frejoth-fel-2800enc\/\" \/>\n<meta property=\"og:site_name\" content=\"Boutique\" \/>\n<meta property=\"article:modified_time\" content=\"2026-04-28T14:26:01+00:00\" \/>\n<meta name=\"twitter:card\" content=\"summary_large_image\" \/>\n<meta name=\"twitter:label1\" content=\"Dur\u00e9e de lecture estim\u00e9e\" \/>\n\t<meta name=\"twitter:data1\" content=\"1 minute\" \/>\n<script type=\"application\/ld+json\" class=\"yoast-schema-graph\">{\"@context\":\"https:\\\/\\\/schema.org\",\"@graph\":[{\"@type\":\"WebPage\",\"@id\":\"https:\\\/\\\/www.lmofrance.com\\\/boutique\\\/produit\\\/tour-cnc-modele-morton-frejoth-fel-2800enc\\\/\",\"url\":\"https:\\\/\\\/www.lmofrance.com\\\/boutique\\\/produit\\\/tour-cnc-modele-morton-frejoth-fel-2800enc\\\/\",\"name\":\"Tour CNC, mod\u00e8le MORTON - FREJOTH FEL-2800ENC - Boutique\",\"isPartOf\":{\"@id\":\"https:\\\/\\\/www.lmofrance.com\\\/boutique\\\/#website\"},\"datePublished\":\"2026-04-28T14:19:39+00:00\",\"dateModified\":\"2026-04-28T14:26:01+00:00\",\"breadcrumb\":{\"@id\":\"https:\\\/\\\/www.lmofrance.com\\\/boutique\\\/produit\\\/tour-cnc-modele-morton-frejoth-fel-2800enc\\\/#breadcrumb\"},\"inLanguage\":\"fr-FR\",\"potentialAction\":[{\"@type\":\"ReadAction\",\"target\":[\"https:\\\/\\\/www.lmofrance.com\\\/boutique\\\/produit\\\/tour-cnc-modele-morton-frejoth-fel-2800enc\\\/\"]}]},{\"@type\":\"BreadcrumbList\",\"@id\":\"https:\\\/\\\/www.lmofrance.com\\\/boutique\\\/produit\\\/tour-cnc-modele-morton-frejoth-fel-2800enc\\\/#breadcrumb\",\"itemListElement\":[{\"@type\":\"ListItem\",\"position\":1,\"name\":\"Accueil\",\"item\":\"https:\\\/\\\/www.lmofrance.com\\\/boutique\\\/\"},{\"@type\":\"ListItem\",\"position\":2,\"name\":\"Boutique\",\"item\":\"https:\\\/\\\/www.lmofrance.com\\\/boutique\\\/?page_id=26\"},{\"@type\":\"ListItem\",\"position\":3,\"name\":\"Tour CNC, mod\u00e8le MORTON &#8211; FREJOTH FEL-2800ENC\"}]},{\"@type\":\"WebSite\",\"@id\":\"https:\\\/\\\/www.lmofrance.com\\\/boutique\\\/#website\",\"url\":\"https:\\\/\\\/www.lmofrance.com\\\/boutique\\\/\",\"name\":\"Boutique\",\"description\":\"Machines-outils occasion et pi\u00e8ces\",\"potentialAction\":[{\"@type\":\"SearchAction\",\"target\":{\"@type\":\"EntryPoint\",\"urlTemplate\":\"https:\\\/\\\/www.lmofrance.com\\\/boutique\\\/?s={search_term_string}\"},\"query-input\":{\"@type\":\"PropertyValueSpecification\",\"valueRequired\":true,\"valueName\":\"search_term_string\"}}],\"inLanguage\":\"fr-FR\"}]}<\/script>\n<!-- \/ Yoast SEO plugin. -->","yoast_head_json":{"title":"Tour CNC, mod\u00e8le MORTON - FREJOTH FEL-2800ENC - Boutique","robots":{"index":"index","follow":"follow","max-snippet":"max-snippet:-1","max-image-preview":"max-image-preview:large","max-video-preview":"max-video-preview:-1"},"canonical":"https:\/\/www.lmofrance.com\/boutique\/produit\/tour-cnc-modele-morton-frejoth-fel-2800enc\/","og_locale":"fr_FR","og_type":"article","og_title":"Tour CNC, mod\u00e8le MORTON - FREJOTH FEL-2800ENC - Boutique","og_description":"Type ou mod\u00e8le : MORTON - Tour FREJOTH FEL-2800ENC  N\u00b0 de s\u00e9rie : 97052801  D\u00e9lai : Disponible LMO (59)  Machine : Occasion (Ann\u00e9e 2008)","og_url":"https:\/\/www.lmofrance.com\/boutique\/produit\/tour-cnc-modele-morton-frejoth-fel-2800enc\/","og_site_name":"Boutique","article_modified_time":"2026-04-28T14:26:01+00:00","twitter_card":"summary_large_image","twitter_misc":{"Dur\u00e9e de lecture estim\u00e9e":"1 minute"},"schema":{"@context":"https:\/\/schema.org","@graph":[{"@type":"WebPage","@id":"https:\/\/www.lmofrance.com\/boutique\/produit\/tour-cnc-modele-morton-frejoth-fel-2800enc\/","url":"https:\/\/www.lmofrance.com\/boutique\/produit\/tour-cnc-modele-morton-frejoth-fel-2800enc\/","name":"Tour CNC, mod\u00e8le MORTON - FREJOTH FEL-2800ENC - Boutique","isPartOf":{"@id":"https:\/\/www.lmofrance.com\/boutique\/#website"},"datePublished":"2026-04-28T14:19:39+00:00","dateModified":"2026-04-28T14:26:01+00:00","breadcrumb":{"@id":"https:\/\/www.lmofrance.com\/boutique\/produit\/tour-cnc-modele-morton-frejoth-fel-2800enc\/#breadcrumb"},"inLanguage":"fr-FR","potentialAction":[{"@type":"ReadAction","target":["https:\/\/www.lmofrance.com\/boutique\/produit\/tour-cnc-modele-morton-frejoth-fel-2800enc\/"]}]},{"@type":"BreadcrumbList","@id":"https:\/\/www.lmofrance.com\/boutique\/produit\/tour-cnc-modele-morton-frejoth-fel-2800enc\/#breadcrumb","itemListElement":[{"@type":"ListItem","position":1,"name":"Accueil","item":"https:\/\/www.lmofrance.com\/boutique\/"},{"@type":"ListItem","position":2,"name":"Boutique","item":"https:\/\/www.lmofrance.com\/boutique\/?page_id=26"},{"@type":"ListItem","position":3,"name":"Tour CNC, mod\u00e8le MORTON &#8211; FREJOTH FEL-2800ENC"}]},{"@type":"WebSite","@id":"https:\/\/www.lmofrance.com\/boutique\/#website","url":"https:\/\/www.lmofrance.com\/boutique\/","name":"Boutique","description":"Machines-outils occasion et pi\u00e8ces","potentialAction":[{"@type":"SearchAction","target":{"@type":"EntryPoint","urlTemplate":"https:\/\/www.lmofrance.com\/boutique\/?s={search_term_string}"},"query-input":{"@type":"PropertyValueSpecification","valueRequired":true,"valueName":"search_term_string"}}],"inLanguage":"fr-FR"}]}},"_links":{"self":[{"href":"https:\/\/www.lmofrance.com\/boutique\/wp-json\/wp\/v2\/product\/862","targetHints":{"allow":["GET"]}}],"collection":[{"href":"https:\/\/www.lmofrance.com\/boutique\/wp-json\/wp\/v2\/product"}],"about":[{"href":"https:\/\/www.lmofrance.com\/boutique\/wp-json\/wp\/v2\/types\/product"}],"wp:attachment":[{"href":"https:\/\/www.lmofrance.com\/boutique\/wp-json\/wp\/v2\/media?parent=862"}],"wp:term":[{"taxonomy":"product_brand","embeddable":true,"href":"https:\/\/www.lmofrance.com\/boutique\/wp-json\/wp\/v2\/product_brand?post=862"},{"taxonomy":"product_cat","embeddable":true,"href":"https:\/\/www.lmofrance.com\/boutique\/wp-json\/wp\/v2\/product_cat?post=862"},{"taxonomy":"product_tag","embeddable":true,"href":"https:\/\/www.lmofrance.com\/boutique\/wp-json\/wp\/v2\/product_tag?post=862"}],"curies":[{"name":"wp","href":"https:\/\/api.w.org\/{rel}","templated":true}]}}